{"id":29807,"date":"2021-12-16T11:34:05","date_gmt":"2021-12-16T10:34:05","guid":{"rendered":"https:\/\/taxitransport69.fr\/?page_id=29807"},"modified":"2021-12-16T11:34:05","modified_gmt":"2021-12-16T10:34:05","slug":"our-society","status":"publish","type":"page","link":"https:\/\/taxitransport69.fr\/en\/our-society\/","title":{"rendered":"Our society"},"content":{"rendered":"<div class=\"wpb-content-wrapper\"><p>[vc_row equal_height=&#8221;yes&#8221; css=&#8221;.vc_custom_1634438381426{padding-top: 3vh !important;padding-bottom: 3vh !important;}&#8221;][vc_column][vc_row_inner content_placement=&#8221;middle&#8221;][vc_column_inner width=&#8221;1\/2&#8243;][vc_custom_heading text=&#8221;TAXI TRANSPORT 69&#8243; use_theme_fonts=&#8221;yes&#8221;][vc_column_text]<strong> OUR COMPANY <\/strong><\/p>\n<p><strong> TAXI TRANSPORT 69 has been accompanying you, for more than 5 years, in all your business or private trips, alone or with others, 24 hours a day, 7 days a week. <\/strong><\/p>\n<p><strong> We serve the whole of Lyon and its surroundings, but also all regions of France, ski resorts and European cities. <\/strong><\/p>\n<p><strong> Our official Lyon taxi drivers are authorized to use the reserved bus and taxi lanes and drop you off at the door of airport terminals, thus guaranteeing you an optimized and economical journey. <\/strong><\/p>\n<p><strong> We have grand touring, executive and Van vehicles that can accommodate 4 to 7 people. <\/strong><\/p>\n<p><strong> They are regularly maintained for your comfort and safety. <\/strong><\/p>\n<p><strong> Our priority? You ensure reliable, punctual transfers at the best price while maintaining quality services. <\/strong><\/p>\n<p><strong> We offer free estimates, non-binding quotes and fixed rates to best calculate the price of your taxi. <\/strong><\/p>\n<p><strong> Payment is made at the end of the trip, directly to our drivers by credit card, cash, Paypal or later by secure link. <\/strong><\/p>\n<p><strong> A paper or digital invoice is automatically edited. <\/strong>[\/vc_column_text][vc_column_text][\/vc_column_text][vc_column_text]<img loading=\"lazy\" decoding=\"async\" class=\"wp-image-29053 aligncenter\" src=\"http:\/\/taxitransport69.fr\/wp-content\/uploads\/2021\/10\/Credit-Card-Visa-And-Master-Card-Transparent-PNG-1-1.png\" alt=\"Taxi lyon\" width=\"189\" height=\"44\" \/>[\/vc_column_text][vc_column_text]<\/p>\n<p style=\"text-align: center;\"><a class=\"vc_general vc_btn3 vc_btn3-size-md vc_btn3-shape-rounded vc_btn3-style-3d vc_btn3-icon-left vc_btn3-color-primary\" title=\"R\u00e9servation\" href=\"http:\/\/taxitransport69.fr\/services\/\"><i class=\"vc_btn3-icon fas fa-check\"><\/i> Services<\/a> <a class=\"vc_general vc_btn3 vc_btn3-size-md vc_btn3-shape-rounded vc_btn3-style-3d vc_btn3-icon-left vc_btn3-color-primary\" title=\"Online booking\" href=\"http:\/\/taxitransport69.fr\/reserver-taxi-lyon-villeurbanne-vaulx-en-velin\/\"><i class=\"vc_btn3-icon fas fa-taxi\"><\/i> Online booking<\/a> <a class=\"vc_general vc_btn3 vc_btn3-size-md vc_btn3-shape-rounded vc_btn3-style-3d vc_btn3-icon-left vc_btn3-color-red\" title=\"Book By phone\" href=\"tel:+33469965569\"><i class=\"vc_btn3-icon fas fa-phone\"><\/i> 04 69 96 55 69<\/a><\/p>\n<p>[\/vc_column_text][\/vc_column_inner][vc_column_inner width=&#8221;1\/2&#8243;][vc_images_carousel images=&#8221;29099,29097,29095,29093,29091&#8243; img_size=&#8221;600&#215;500&#8243; speed=&#8221;3000&#8243; autoplay=&#8221;yes&#8221; wrap=&#8221;yes&#8221;][\/vc_column_inner][\/vc_row_inner][\/vc_column][\/vc_row][vc_row full_width=&#8221;stretch_row&#8221; content_placement=&#8221;middle&#8221; css=&#8221;.vc_custom_1634462640614{padding-top: 2vh !important;padding-bottom: 2vh !important;background-color: #fcfcfc !important;}&#8221;][vc_column][vc_row_inner][vc_column_inner width=&#8221;1\/6&#8243;][\/vc_column_inner][vc_column_inner width=&#8221;2\/3&#8243;][vc_custom_heading text=&#8221;Customer testimonials&#8221; font_container=&#8221;tag:h2|text_align:center&#8221; use_theme_fonts=&#8221;yes&#8221; css=&#8221;.vc_custom_1639650776081{margin-top: 0px !important;margin-bottom: 0px !important;border-top-width: 0px !important;border-bottom-width: 0px !important;padding-top: 0px !important;padding-bottom: 0px !important;}&#8221;][vc_empty_space height=&#8221;20px&#8221;][vc_separator color=&#8221;custom&#8221; border_width=&#8221;2&#8243; el_width=&#8221;10&#8243; accent_color=&#8221;#ff0000&#8243;][\/vc_column_inner][vc_column_inner width=&#8221;1\/6&#8243;][\/vc_column_inner][\/vc_row_inner][vc_row_inner el_class=&#8221;container&#8221;][vc_column_inner][vc_column_text]<style id=\"sp_testimonial_dynamic_css29085\">#sp-testimonial-free-wrapper-29085 .sp-testimonial-free-section .testimonial-pagination span.swiper-pagination-bullet{background: #cccccc;}#sp-testimonial-free-wrapper-29085 .sp-testimonial-free-section .testimonial-pagination span.swiper-pagination-bullet.swiper-pagination-bullet-active{background: #1595ce;} #sp-testimonial-free-wrapper-29085 .sp-testimonial-free-section .testimonial-nav-arrow{background: transparent;border: 2px solid #777777;color: #777777;}#sp-testimonial-free-wrapper-29085 .sp-testimonial-free-section .testimonial-nav-arrow:hover {background: #1595ce;border-color: #1595ce;color: #ffffff;}#sp-testimonial-free-wrapper-29085 .sp-testimonial-free-section{margin: 0 50px;}#sp-testimonial-free-wrapper-29085 .sp-testimonial-free-section{margin-bottom: 50px;}#sp-testimonial-free-wrapper-29085 .sp-testimonial-free-section .sp-testimonial-client-image img {background: #ffffff;border: 0px solid #dddddd;padding: 0px;}#sp-testimonial-free-wrapper-29085 .sp-testimonial-free-section .sp-testimonial-client-image {text-align: center;}#sp-testimonial-free-wrapper-29085 .sp-testimonial-free-section .sp-testimonial-client-rating{ display: inline-flex; gap: 2px;}#sp-testimonial-free-wrapper-29085 .sp-testimonial-free-section .sp-testimonial-client-rating i.fa{ color: #ffb900; font-size: 19px;}#sp-testimonial-free-wrapper-29085 .sp-testimonial-free-section .sp-testimonial-client-rating i.fa-star{color: #ffb900;}#sp-testimonial-free-wrapper-29085 .sp-testimonial-free-section .sp-testimonial-client-designation{color: #444444;}#sp-testimonial-free-wrapper-29085 .sp-testimonial-free-section .sp-testimonial-client-name{color: #333333;}#sp-testimonial-free-wrapper-29085 .sp-testimonial-free-section .sp-testimonial-client-testimonial{color: #333333;}#sp-testimonial-free-wrapper-29085 .sp-testimonial-free-section .sp-testimonial-title .sp-testimonial-post-title{color: #333333;}#sp-testimonial-free-wrapper-29085 .sp-testimonial-free {background : transparent;border: 1px solid transparent;border-radius: 0px;}<\/style><div id=\"sp-testimonial-free-wrapper-29085\" class=\"sp-testimonial-free-wrapper\"><div id=\"sp-testimonial-free-29085\" class=\"sp-testimonial-free-section tfree-style-theme-one\" dir=\"ltr\" data-preloader=\"\" data-swiper='{&quot;dots&quot;: 1,&quot;pagination_type&quot;: &quot;dots&quot;, &quot;spaceBetween&quot;: 20, &quot;adaptiveHeight&quot;: false, &quot;pauseOnHover&quot;: true, &quot;slidesToShow&quot;: 1, &quot;speed&quot;: 600, &quot;arrows&quot;: &quot;1&quot;, &quot;autoplay&quot;: true, &quot;autoplaySpeed&quot;: 3000, &quot;swipe&quot;: true, &quot;swipeToSlide&quot;: false, &quot;draggable&quot;: true, &quot;freeMode&quot;: false, &quot;rtl&quot;: false, &quot;infinite&quot;: true,&quot;slidesPerView&quot;: {&quot;lg_desktop&quot;:1 , &quot;desktop&quot;: 1, &quot;laptop&quot;:1 , &quot;tablet&quot;: 1, &quot;mobile&quot;: 1},&quot;navigation_mobile&quot;: true, &quot;pagination_mobile&quot;:true, &quot;autoplay_mobile&quot;:true}' ><div class=\"swiper-wrapper\"><div class=\"sp-testimonial-item swiper-slide\"><div class=\"sp-testimonial-free\"><div class=\"sp-testimonial-title\"><h3 class=\"sp-testimonial-post-title\">Je recommande fortement<\/h3><\/div><div class=\"sp-testimonial-client-testimonial\"><div class=\"sp-testimonial-content\"><p>Je recommande fortement florin pour vos trajets !<br \/>Taxi tres professionnel et toujours a l \u00e9coute.<\/p><\/div><\/div><div class=\"sp-testimonial-client-rating\"><i class=\"fa fa-star\" aria-hidden=\"true\"><\/i><i class=\"fa fa-star\" aria-hidden=\"true\"><\/i><i class=\"fa fa-star\" aria-hidden=\"true\"><\/i><i class=\"fa fa-star\" aria-hidden=\"true\"><\/i><i class=\"fa fa-star\" aria-hidden=\"true\"><\/i><\/div><\/div> <\/div> <div class=\"sp-testimonial-item swiper-slide\"><div class=\"sp-testimonial-free\"><div class=\"sp-testimonial-title\"><h3 class=\"sp-testimonial-post-title\">Je referais appel a ses services<\/h3><\/div><div class=\"sp-testimonial-client-testimonial\"><div class=\"sp-testimonial-content\"><p>Disponible, a l&#8217;\u00e9coute et tr\u00e8s gentil, le Taxi id\u00e9al.<br \/>J&#8217;avais mon chien avec moi, espace pour qu&#8217;elle est de la place mit \u00e0 disposition.<br \/>Je vous recommande sans h\u00e9sitation !<br \/>Je referais appel a ses services.<\/p><\/div><\/div><div class=\"sp-testimonial-client-rating\"><i class=\"fa fa-star\" aria-hidden=\"true\"><\/i><i class=\"fa fa-star\" aria-hidden=\"true\"><\/i><i class=\"fa fa-star\" aria-hidden=\"true\"><\/i><i class=\"fa fa-star\" aria-hidden=\"true\"><\/i><i class=\"fa fa-star\" aria-hidden=\"true\"><\/i><\/div><\/div> <\/div> <\/div><div class=\"swiper-pagination testimonial-pagination\"><\/div><div class=\"swiper-button-prev testimonial-nav-arrow vertical_center\"><i class=\"fa fa-angle-left\"><\/i><\/div><div class=\"swiper-button-next testimonial-nav-arrow vertical_center\"><i class=\"fa fa-angle-right\"><\/i><\/div><\/div><\/div><script type=\"application\/ld+json\">{\"@context\": \"http:\/\/schema.org\",\"@type\": \"Product\",\"name\": \"taxitransport69\",\"aggregateRating\": {\"@type\": \"AggregateRating\",\"bestRating\": \"5\",\"ratingValue\": \"5\",\"worstRating\": \"1\",\"reviewCount\": \"2\"},\"review\": [{\"@type\": \"Review\",\"datePublished\": \"2021-10-16\",\"reviewBody\": \"Je recommande fortement florin pour vos trajets !Taxi tres professionnel et toujours a l \u00e9coute.\",\"reviewRating\": {\"@type\": \"Rating\",\"bestRating\": \"5\",\"ratingValue\": \"5\",\"worstRating\": \"1\"},\"author\": {\"@type\": \"Person\",\"name\": \"\"}},{\"@type\": \"Review\",\"datePublished\": \"2021-10-16\",\"reviewBody\": \"Disponible, a l&#039;\u00e9coute et tr\u00e8s gentil, le Taxi id\u00e9al.J&#039;avais mon chien avec moi, espace pour qu&#039;elle est de la place mit \u00e0 disposition.Je vous recommande sans h\u00e9sitation !Je referais appel a ses services.\",\"reviewRating\": {\"@type\": \"Rating\",\"bestRating\": \"5\",\"ratingValue\": \"5\",\"worstRating\": \"1\"},\"author\": {\"@type\": \"Person\",\"name\": \"\"}}]}<\/script>[\/vc_column_text][\/vc_column_inner][\/vc_row_inner][\/vc_column][\/vc_row][vc_row css=&#8221;.vc_custom_1634462597737{padding-top: 2vh !important;padding-bottom: 2vh !important;}&#8221;][vc_column][vc_row_inner el_class=&#8221;container&#8221; css=&#8221;.vc_custom_1488836784753{padding-top: 30px !important;}&#8221;][vc_column_inner][vc_column_text]<\/p>\n<div class=\"text-center\">\n<h2 class=\"wow fadeInLeft animated\">OUR CARS<\/h2>\n<div class=\"title-line wow fadeInRight animated\"><\/div>\n<\/div>\n<p>[\/vc_column_text][\/vc_column_inner][\/vc_row_inner][vc_row_inner el_class=&#8221;container&#8221;][vc_column_inner width=&#8221;1\/6&#8243;][\/vc_column_inner][vc_column_inner width=&#8221;2\/6&#8243;][vc_single_image image=&#8221;29008&#8243; img_size=&#8221;full&#8221; alignment=&#8221;center&#8221;][vc_column_text]<\/p>\n<h3 style=\"text-align: center;\">Berline Class<\/h3>\n<p style=\"text-align: center;\">4 Passengers<br \/>\nFree WIFI<\/p>\n<p>[\/vc_column_text][\/vc_column_inner][vc_column_inner width=&#8221;2\/6&#8243;][vc_single_image image=&#8221;29006&#8243; img_size=&#8221;full&#8221; alignment=&#8221;center&#8221;][vc_column_text]<\/p>\n<h3 style=\"text-align: center;\">Business Minivan<\/h3>\n<p style=\"text-align: center;\">7 Passengers<br \/>\nFree WIFI<\/p>\n<p>[\/vc_column_text][\/vc_column_inner][vc_column_inner width=&#8221;1\/6&#8243;][\/vc_column_inner][\/vc_row_inner][\/vc_column][\/vc_row][vc_row full_width=&#8221;stretch_row&#8221; content_placement=&#8221;middle&#8221; css=&#8221;.vc_custom_1634462554860{padding-top: 5vh !important;padding-bottom: 5vh !important;background-image: url(http:\/\/taxitransport69.fr\/wp-content\/uploads\/2021\/10\/Taxi-transport-69-aeroport.jpg?id=29012) !important;background-position: center !important;background-repeat: no-repeat !important;background-size: cover !important;}&#8221; font_color=&#8221;#ffffff&#8221;][vc_column][vc_row_inner][vc_column_inner width=&#8221;1\/6&#8243;][\/vc_column_inner][vc_column_inner width=&#8221;2\/3&#8243;][vc_custom_heading text=&#8221;NEED <b> MORE INFORMATION <\/b>?&#8221; font_container=&#8221;tag:h2|text_align:center|color:%23ffffff&#8221; use_theme_fonts=&#8221;yes&#8221; css=&#8221;.vc_custom_1639650804820{margin-top: 0px !important;margin-bottom: 0px !important;border-top-width: 0px !important;border-bottom-width: 0px !important;padding-top: 0px !important;padding-bottom: 0px !important;}&#8221;][vc_empty_space height=&#8221;20px&#8221;][vc_separator color=&#8221;custom&#8221; border_width=&#8221;2&#8243; el_width=&#8221;10&#8243; accent_color=&#8221;#ffffff&#8221;][\/vc_column_inner][vc_column_inner width=&#8221;1\/6&#8243;][\/vc_column_inner][\/vc_row_inner][vc_row_inner][vc_column_inner][vc_column_text]<\/p>\n<p style=\"text-align: center;\"><a class=\"vc_general vc_btn3 vc_btn3-size-md vc_btn3-shape-rounded vc_btn3-style-3d vc_btn3-icon-left vc_btn3-color-primary\" title=\"Online booking\" href=\"http:\/\/taxitransport69.fr\/reserver-taxi-lyon-villeurbanne-vaulx-en-velin\/\"><i class=\"vc_btn3-icon fas fa-taxi\"><\/i> Online booking<\/a> <a class=\"vc_general vc_btn3 vc_btn3-size-md vc_btn3-shape-rounded vc_btn3-style-3d vc_btn3-icon-left vc_btn3-color-red\" title=\"book by phone\" href=\"tel:+33469965569\"><i class=\"vc_btn3-icon fas fa-phone\"><\/i> 04 69 96 55 69<\/a><\/p>\n<p>[\/vc_column_text][\/vc_column_inner][\/vc_row_inner][\/vc_column][\/vc_row]<\/p>\n<\/div>","protected":false},"excerpt":{"rendered":"<p>[vc_row equal_height=&#8221;yes&#8221; css=&#8221;.vc_custom_1634438381426{padding-top: 3vh !important;padding-bottom: 3vh !important;}&#8221;][vc_column][vc_row_inner content_placement=&#8221;middle&#8221;][vc_column_inner width=&#8221;1\/2&#8243;][vc_custom_heading text=&#8221;TAXI TRANSPORT 69&#8243; use_theme_fonts=&#8221;yes&#8221;][vc_column_text] OUR COMPANY TAXI TRANSPORT 69 has been accompanying you, for more than 5 years, in all your business or private trips, alone or with others, 24 hours a day, 7 days a week. We serve the whole of Lyon and its surroundings, [&hellip;]<\/p>\n","protected":false},"author":2,"featured_media":29100,"parent":0,"menu_order":14,"comment_status":"closed","ping_status":"closed","template":"","meta":{"footnotes":""},"class_list":["post-29807","page","type-page","status-publish","has-post-thumbnail","hentry"],"jetpack_sharing_enabled":true,"_links":{"self":[{"href":"https:\/\/taxitransport69.fr\/en\/wp-json\/wp\/v2\/pages\/29807","targetHints":{"allow":["GET"]}}],"collection":[{"href":"https:\/\/taxitransport69.fr\/en\/wp-json\/wp\/v2\/pages"}],"about":[{"href":"https:\/\/taxitransport69.fr\/en\/wp-json\/wp\/v2\/types\/page"}],"author":[{"embeddable":true,"href":"https:\/\/taxitransport69.fr\/en\/wp-json\/wp\/v2\/users\/2"}],"replies":[{"embeddable":true,"href":"https:\/\/taxitransport69.fr\/en\/wp-json\/wp\/v2\/comments?post=29807"}],"version-history":[{"count":1,"href":"https:\/\/taxitransport69.fr\/en\/wp-json\/wp\/v2\/pages\/29807\/revisions"}],"predecessor-version":[{"id":29814,"href":"https:\/\/taxitransport69.fr\/en\/wp-json\/wp\/v2\/pages\/29807\/revisions\/29814"}],"wp:featuredmedia":[{"embeddable":true,"href":"https:\/\/taxitransport69.fr\/en\/wp-json\/wp\/v2\/media\/29100"}],"wp:attachment":[{"href":"https:\/\/taxitransport69.fr\/en\/wp-json\/wp\/v2\/media?parent=29807"}],"curies":[{"name":"wp","href":"https:\/\/api.w.org\/{rel}","templated":true}]}}