{"id":29904,"date":"2021-12-16T21:21:08","date_gmt":"2021-12-16T20:21:08","guid":{"rendered":"https:\/\/taxitransport69.fr\/?page_id=29904"},"modified":"2021-12-20T17:09:51","modified_gmt":"2021-12-20T16:09:51","slug":"taxi-lyon-annecy-2","status":"publish","type":"page","link":"https:\/\/taxitransport69.fr\/en\/taxi-lyon-annecy-2\/","title":{"rendered":"Taxi Lyon annecy"},"content":{"rendered":"<div class=\"wpb-content-wrapper\"><p>[vc_row full_height=&#8221;yes&#8221; css=&#8221;.vc_custom_1634979965244{padding-top: 5vh !important;padding-bottom: 5vh !important;background-image: url(http:\/\/taxitransport69.fr\/wp-content\/uploads\/2021\/10\/Taxi-annecy-lyon.jpg?id=29387) !important;background-position: center !important;background-repeat: no-repeat !important;background-size: cover !important;}&#8221;][vc_column][vc_row_inner el_class=&#8221;container&#8221; css=&#8221;.vc_custom_1634378515069{padding-top: 3vh !important;padding-bottom: 3vh !important;}&#8221;][vc_column_inner el_class=&#8221;white&#8221; width=&#8221;1\/2&#8243;][vc_column_text]<\/p>\n<h1 style=\"text-align: left;\">Taxi Lyon Annecy<\/h1>\n<p><i class=\"fa fa-check\"> <\/i> Available 24\/7.<br \/>\n<i class=\"fa fa-check\"> <\/i> Business and private trips<br \/>\n<i class=\"fa fa-check\"> <\/i> Guarantee of coverage.<br \/>\n<i class=\"fa fa-check\"> <\/i> Punctuality.<br \/>\n<i class=\"fa fa-check\"> <\/i> Local journeys and all distances<br \/>\n<i class=\"fa fa-check\"> <\/i> Airport shuttle \/ Station transfer<br \/>\n<i class=\"fa fa-check\"> <\/i> Transfer to the ski resort[\/vc_column_text][vc_column_text]<\/p>\n<p style=\"text-align: left;\"><a class=\"vc_general vc_btn3 vc_btn3-size-md vc_btn3-shape-rounded vc_btn3-style-3d vc_btn3-icon-left vc_btn3-color-primary\" title=\"Online booking\" href=\"http:\/\/taxitransport69.fr\/reserver-taxi-lyon-villeurbanne-vaulx-en-velin\/\"><i class=\"vc_btn3-icon fas fa-taxi\"><\/i> Online booking<\/a> <a class=\"vc_general vc_btn3 vc_btn3-size-md vc_btn3-shape-rounded vc_btn3-style-3d vc_btn3-icon-left vc_btn3-color-red\" title=\"Book by phone\" href=\"tel:+33469965569\"><i class=\"vc_btn3-icon fas fa-phone\"><\/i> 04 69 96 55 69<\/a><\/p>\n<p>[\/vc_column_text][\/vc_column_inner][vc_column_inner width=&#8221;1\/2&#8243;]<div class=\"signup-header\"><ul class=\"reservation-menu\"><li id=\"vtc-control-new active\">Online Booking<\/li><\/ul><form id=\"booking-google-form\" class=\"form-header gogole-auto two-date-form\" \n      action=\"https:\/\/taxitransport69.fr\/selectionnez-une-voiture\/\"\n      method=\"POST\" autocomplete=\"off\"> \n    <div class=\"booking-status\"><\/div>\n    <input type=\"hidden\" name=\"vtc-action\" value=\"classic-b-1-is-submited\">\n    <div id=\"booking_control\" class=\"booking_control\">\n        <input type=\"hidden\" id=\"cal-distance\" name=\"cal-distance\" value=\"\">\n        <input type=\"hidden\" id=\"cal-time\" name=\"cal-time\" value=\"\">\n        <input type=\"hidden\" name=\"actionf\" value=\"normal\">\n        <div class=\"row vtc-form-fields\" style=\"position:relative; margin-bottom: 15px;\">\n            \n           \n            <div class=\"form-group col-md-12\">\n                <input type=\"text\" name=\"f-pick-up\" id=\"f-pick-up\" class=\"form-control\" placeholder=\"Pick Up Location\" required=\"\">                                          \n                <span class=\"btn-geolocation btn-geolocation1\" onclick=\"getLocation()\"><i class=\"pe-7s-map-marker\"><\/i><\/span>\n            <\/div>\n            <div class=\"form-group col-md-12\">\n                <input type=\"text\" name=\"f-end-up\" id=\"f-end-up\" class=\"form-control\"  placeholder=\"Drop off location \" required=\"\">                                          \n                <span class=\"btn-geolocation btn-geolocation2\" onclick=\"getLocationDestination()\"><i class=\"pe-7s-map-marker\"><\/i><\/span>\n            <\/div>                                 \n            <!-- .\/location -->\n <div class=\"col-md-12\"><hr style=\"margin-top: 0px;\"><\/div>\n\n            <div class=\"form-group col-md-12\" style=\"margin-bottom: 0px;\">\n                <div class=\"row\">\n                    <div class=\"col-xs-12 col-sm-8 col-md-8 dseccc\">\n                        <div id=\"d-pick_update\" class=\"form-group date\" >\n                            <input class=\"form-control\" name=\"f-pick-up-date\" id=\"f-pick-up-date\" type=\"text\" placeholder=\"Pick up date\" required>\n                            <span class=\"add-on btn-geolocation btn-calendar\"><i class=\"pe-7s-date\"><\/i><\/span>\n                        <\/div>\n                    <\/div>\n                    <div class=\"col-xs-12 col-sm-4  col-md-4\">\n                        <div class=\"form-group \">\n\t\t\t\t\t\t\t<label for=\"f-pick-up-time\" class=\"hide\"> Pick up time<\/label>\n\t\t\t\t\t\t\t<input name=\"f-pick-up-time\" id=\"f-pick-up-time\"class=\"form-control\" type=\"time\" required> \n\t\t\t\t\t\t\t<span class=\"add-on btn-geolocation btn-calendar\"><i class=\"pe-7s-timer\"><\/i><\/span>\n\t\t\t\t\t\t<\/div>\n                    <\/div>\n\t\t\t\t\t<div class=\"col-xs-12 col-sm-12  col-md-4 dsddsdone hide\">\n\t\t\t\t\t\t<div class=\"label-select\">  \n\t\t\t\t\t\t\t<select name=\"f-oneway\" id=\"f-oneway\" class=\"form-control\" required=\"\" > \n\t\t\t\t\t\t\t\t<option value=\"1\" selected >Oneway<\/option>\n\t\t\t\t\t\t\t\t<option value=\"2\">Return<\/option>\n\t\t\t\t\t\t\t<\/select>                                          \n\t\t\t\t\t\t<\/div>                                \n\t\t\t\t\t<\/div> \t\t\t\t\n                <\/div>\n            <\/div>\n            <div class=\"form-group col-md-12 rt-date hide\" style=\"margin-bottom: 4px;\">\n                <div class=\"row\">\n                    <div class=\"col-xs-12 col-sm-8\">\n                        <div id=\"d-retourn_update\" class=\"form-group\">\n                            <input class=\"form-control\" name=\"f-end-up-date\" id=\"f-end-up-date\" type=\"text\" placeholder=\"Drop off date\" >\n                            <span class=\"add-on btn-geolocation btn-calendar\"><i class=\"pe-7s-date\"><\/i><\/span>\n                        <\/div>\n                    <\/div>\n                    <div class=\"col-xs-12 col-sm-4\">\n                        <div class=\"form-group\">  \n\t\t\t\t\t\t\t<label for=\"f-end-up-time\" class=\"hide\"> Drop off time<\/label>\n\t\t\t\t\t\t\t<input name=\"f-end-up-time\" id=\"f-end-up-time\"class=\"form-control\" type=\"time\">\n\t\t\t\t\t\t\t<span class=\"add-on btn-geolocation btn-calendar\"><i class=\"pe-7s-timer\"><\/i><\/span>\n\t\t\t\t\t\t<\/div>\n                    <\/div>\n                <\/div>\n            <\/div>  \n\t\t\t<div class=\"form-group col-md-12\">\n\t\t\t\t<div class=\"row\">\n\t\t\t\t\t \n\t\t\t\t<\/div>\n            <\/div>\n            <div class=\"privew-car\"><\/div>\n        <\/div>\n\n        <div id=\"result_content\" class=\"result_content hide\"> \n            <div class=\"\">\n                <ul class=\"report\">\n                    <li><strong>Picking up&nbsp;&nbsp;:<\/strong>\n                        <b class=\"b-picking-up\"><\/b>\n                    <\/li>\n                    <li><strong>Dropping off&nbsp;:<\/strong>\n                        <b class=\"b-dropping-off\"><\/b>\n                    <\/li>\n                    <li>\n                        <strong>Up Date \/ Time&nbsp;&nbsp;: <\/strong>\n                        <b class=\"b-time\"><\/b>\n                    <\/li> \n                    <li class=\"return_display\">\n                        <strong>Return Date \/ Time&nbsp;&nbsp;: <\/strong>\n                        <b class=\"b-time-r\"><\/b>\n                    <\/li> \n                    <li>\n                        <strong>Distance&nbsp;&nbsp;&nbsp;&nbsp;&nbsp;: <\/strong>\n                        <b class=\"b-distance\"><\/b>\n                    <\/li> \n                    <li><strong>Selected Car&nbsp;: <\/strong>\n                        <b class=\"b-your-car\"><\/b>\n                    <\/li>                                                  \n                    <li class=\"hr vtc-f-h\"><\/li>\n                    <li><strong>Price TTC&nbsp;&nbsp;&nbsp;&nbsp;: <\/strong>\n                        <b class=\"b-price-ttc\"><\/b>\n                    <\/li> \n                <\/ul>\n            <\/div>\n            <div class=\"\">\n                <div class=\"col-lg-6\">\n                    <div class=\"form-group last\">\n                        <input id=\"vtc-show-map\" type=\"button\" class=\"btn btn-warning btn-block btn-lg\" value=\"Show the map\">\n                    <\/div> \n                <\/div>\n                <div class=\"col-lg-6\">\n                    <div class=\"form-group last\">\n                        <input  id=\"vtc-next-step\"  type=\"button\" class=\"btn btn-warning btn-block btn-lg\" value=\"Next \">\n                    <\/div> \n                <\/div>\n            <\/div> \n        <\/div>\n        <div class=\"map_div hide-map\">\n            <a class=\"close_map\"><i class=\"pe-7s-close\"><\/i><\/a>\n            <div id=\"map_canvas\"><\/div> \n        <\/div>\n        <div class=\"form-group last vtc-submit-area\">\n            <input type=\"submit\" id=\"find_direction\" class=\" btn btn-warning btn-block btn-lg\" value=\"GET A QUOTE\">\n            <i class=\"load_icon pe-7s-refresh pe-spin directionLoad hide\"> <\/i>\n        <\/div>\n    <\/div>                                   \n<\/form><form id=\"vtc-cancel-form\" class=\"form-header hide\"  method=\"POST\" class=\"form-header gogole-auto two-date-form\" \n      action=\"https:\/\/taxitransport69.fr\/selectionnez-une-voiture\/\"\n      method=\"POST\" autocomplete=\"off\"> \n    <div class=\"booking-status\"><\/div>\n    <input type=\"hidden\" name=\"vtc-action\" value=\"classic-b-1-is-submited\">\n    <div id=\"booking_control\" class=\"booking_control\"> \n        <input type=\"hidden\" name=\"actionf\" value=\"hourly\">\n        <div class=\"row vtc-form-fields\" style=\"position:relative; margin-bottom: 15px;\">\n            \n            \n            <div class=\"form-group col-md-12\" >\n                <div class=\"row\">\n                    <div class=\"col-xs-12 col-sm-8\">\n                        <div id=\"hd-pick_update\" class=\"form-group\">\n                            <input class=\"form-control\" name=\"hf-pick-up-date\" id=\"hf-pick-up-date\" type=\"text\" placeholder=\"Pick up date\" required data-date-start-date=\"+0d\"  >\n                            <a class=\"add-on btn-geolocation btn-calendar\"><i class=\"pe-7s-date\"><\/i><\/a>\n                        <\/div>\n                    <\/div>\n                    <div class=\"col-xs-12 col-sm-4\">\n                        <div class=\"label-time date\">\n                            <input type=\"text\" name=\"f-pick-up-time\" id=\"hf-pick-up-time\"class=\"form-control\"  placeholder=\"00:00\" required>\n\t\t\t\t\t\t\t<a class=\"add-on btn-geolocation btn-calendar btn-h-t\"><i class=\"pe-7s-clock\"><\/i><\/a>\n                        <\/div>\n                    <\/div>\n                <\/div>\n            <\/div>\n            \n\t\t\t<div class=\"form-group col-md-12\">\n                <input type=\"text\" name=\"f-pick-up\" id=\"hf-pick-up\" class=\"form-control\" placeholder=\"Pick Up Location\" required=\"\">                                          \n                <a class=\"btn-geolocation btn-geolocation1\" onclick=\"getLocation()\"><i class=\"pe-7s-map-marker\"><\/i><\/a>\n            <\/div>\n\t\t\t\n            <div class=\"form-group col-md-12\">     \n <div class=\"label-select\">              \n\t\t\t\t<select name=\"f-hn\" id=\"f-hn\" class=\"form-control\" >\n\t\t\t\t<option value=\"1\">1&nbsp;Hours<\/option>\n\t\t\t\t<option value=\"2\">2&nbsp;Hours<\/option>\n\t\t\t\t<option value=\"3\">3&nbsp;Hours<\/option>\n\t\t\t\t\n\t\t\t\t\t<option value=\"4\">4&nbsp;Hours<\/option><option value=\"5\">5&nbsp;Hours<\/option><option value=\"6\">6&nbsp;Hours<\/option><option value=\"7\">7&nbsp;Hours<\/option><option value=\"8\">8&nbsp;Hours<\/option><option value=\"9\">9&nbsp;Hours<\/option><option value=\"10\">10&nbsp;Hours<\/option><option value=\"11\">11&nbsp;Hours<\/option><option value=\"12\">12&nbsp;Hours<\/option>\n\t\t\t\t<\/select>\t\t\t\t\n            <\/div>   \t\t\n            <\/div>                                 \n            <!-- .\/location --> \n        <\/div>\n  \n        <div class=\"form-group last vtc-submit-area\" style=\"margin-top: auto;\">\n            <input type=\"submit\" id=\"hfind_direction\" class=\" btn btn-warning btn-block btn-lg\" value=\"GET A QUOTE\">\n            <i class=\"load_icon pe-7s-refresh pe-spin directionLoad hide\"> <\/i>\n        <\/div>\n    <\/div>                                   \n<\/form><\/div>[vc_column_text]<img loading=\"lazy\" decoding=\"async\" class=\"wp-image-29053 aligncenter\" src=\"http:\/\/taxitransport69.fr\/wp-content\/uploads\/2021\/10\/Credit-Card-Visa-And-Master-Card-Transparent-PNG-11.png\" alt=\"Taxi lyon\" width=\"206\" height=\"48\" \/>[\/vc_column_text][\/vc_column_inner][\/vc_row_inner][\/vc_column][\/vc_row][vc_row][vc_column][vc_row_inner el_class=&#8221;container&#8221;][vc_column_inner][vc_column_text]<strong> TAXI LYON ANNECY <\/strong><\/p>\n<p>Need to book, or to calculate the price of an official taxi to Annecy?<\/p>\n<p>TAXI TRANSPORT 69 offers you a free, non-binding quote for all your business or private trips in Annecy and its surroundings.<\/p>\n<p>Our drivers welcome you punctually in the best conditions of comfort and safety.[\/vc_column_text][\/vc_column_inner][\/vc_row_inner][vc_empty_space height=&#8221;20px&#8221;][vc_row_inner el_class=&#8221;container&#8221; css=&#8221;.vc_custom_1634662467837{padding-top: 5vh !important;padding-bottom: 5vh !important;}&#8221;][vc_column_inner width=&#8221;1\/4&#8243;][vc_single_image image=&#8221;29387&#8243; img_size=&#8221;full&#8221;][\/vc_column_inner][vc_column_inner width=&#8221;1\/4&#8243;][vc_single_image image=&#8221;29381&#8243; img_size=&#8221;full&#8221;][\/vc_column_inner][vc_column_inner width=&#8221;1\/4&#8243;][vc_single_image image=&#8221;29389&#8243; img_size=&#8221;full&#8221;][\/vc_column_inner][vc_column_inner width=&#8221;1\/4&#8243;][vc_single_image image=&#8221;29383&#8243; img_size=&#8221;full&#8221;][\/vc_column_inner][\/vc_row_inner][\/vc_column][\/vc_row][vc_row][vc_column][vc_row_inner][vc_column_inner width=&#8221;1\/6&#8243;][\/vc_column_inner][vc_column_inner width=&#8221;2\/3&#8243;][vc_custom_heading text=&#8221;CUSTOMER TESTIMONIALS&#8221; font_container=&#8221;tag:h2|text_align:center&#8221; use_theme_fonts=&#8221;yes&#8221; css=&#8221;.vc_custom_1639686037110{margin-top: 0px !important;margin-bottom: 0px !important;border-top-width: 0px !important;border-bottom-width: 0px !important;padding-top: 0px !important;padding-bottom: 0px !important;}&#8221;][vc_empty_space height=&#8221;20px&#8221;][vc_column_text]<style id=\"sp_testimonial_dynamic_css29085\">#sp-testimonial-free-wrapper-29085 .sp-testimonial-free-section .testimonial-pagination span.swiper-pagination-bullet{background: #cccccc;}#sp-testimonial-free-wrapper-29085 .sp-testimonial-free-section .testimonial-pagination span.swiper-pagination-bullet.swiper-pagination-bullet-active{background: #1595ce;} #sp-testimonial-free-wrapper-29085 .sp-testimonial-free-section .testimonial-nav-arrow{background: transparent;border: 2px solid #777777;color: #777777;}#sp-testimonial-free-wrapper-29085 .sp-testimonial-free-section .testimonial-nav-arrow:hover {background: #1595ce;border-color: #1595ce;color: #ffffff;}#sp-testimonial-free-wrapper-29085 .sp-testimonial-free-section{margin: 0 50px;}#sp-testimonial-free-wrapper-29085 .sp-testimonial-free-section{margin-bottom: 50px;}#sp-testimonial-free-wrapper-29085 .sp-testimonial-free-section .sp-testimonial-client-image img {background: #ffffff;border: 0px solid #dddddd;padding: 0px;}#sp-testimonial-free-wrapper-29085 .sp-testimonial-free-section .sp-testimonial-client-image {text-align: center;}#sp-testimonial-free-wrapper-29085 .sp-testimonial-free-section .sp-testimonial-client-rating{ display: inline-flex; gap: 2px;}#sp-testimonial-free-wrapper-29085 .sp-testimonial-free-section .sp-testimonial-client-rating i.fa{ color: #ffb900; font-size: 19px;}#sp-testimonial-free-wrapper-29085 .sp-testimonial-free-section .sp-testimonial-client-rating i.fa-star{color: #ffb900;}#sp-testimonial-free-wrapper-29085 .sp-testimonial-free-section .sp-testimonial-client-designation{color: #444444;}#sp-testimonial-free-wrapper-29085 .sp-testimonial-free-section .sp-testimonial-client-name{color: #333333;}#sp-testimonial-free-wrapper-29085 .sp-testimonial-free-section .sp-testimonial-client-testimonial{color: #333333;}#sp-testimonial-free-wrapper-29085 .sp-testimonial-free-section .sp-testimonial-title .sp-testimonial-post-title{color: #333333;}#sp-testimonial-free-wrapper-29085 .sp-testimonial-free {background : transparent;border: 1px solid transparent;border-radius: 0px;}<\/style><div id=\"sp-testimonial-free-wrapper-29085\" class=\"sp-testimonial-free-wrapper\"><div id=\"sp-testimonial-free-29085\" class=\"sp-testimonial-free-section tfree-style-theme-one\" dir=\"ltr\" data-preloader=\"\" data-swiper='{&quot;dots&quot;: 1,&quot;pagination_type&quot;: &quot;dots&quot;, &quot;spaceBetween&quot;: 20, &quot;adaptiveHeight&quot;: false, &quot;pauseOnHover&quot;: true, &quot;slidesToShow&quot;: 1, &quot;speed&quot;: 600, &quot;arrows&quot;: &quot;1&quot;, &quot;autoplay&quot;: true, &quot;autoplaySpeed&quot;: 3000, &quot;swipe&quot;: true, &quot;swipeToSlide&quot;: false, &quot;draggable&quot;: true, &quot;freeMode&quot;: false, &quot;rtl&quot;: false, &quot;infinite&quot;: true,&quot;slidesPerView&quot;: {&quot;lg_desktop&quot;:1 , &quot;desktop&quot;: 1, &quot;laptop&quot;:1 , &quot;tablet&quot;: 1, &quot;mobile&quot;: 1},&quot;navigation_mobile&quot;: true, &quot;pagination_mobile&quot;:true, &quot;autoplay_mobile&quot;:true}' ><div class=\"swiper-wrapper\"><div class=\"sp-testimonial-item swiper-slide\"><div class=\"sp-testimonial-free\"><div class=\"sp-testimonial-title\"><h3 class=\"sp-testimonial-post-title\">Je recommande fortement<\/h3><\/div><div class=\"sp-testimonial-client-testimonial\"><div class=\"sp-testimonial-content\"><p>Je recommande fortement florin pour vos trajets !<br \/>Taxi tres professionnel et toujours a l \u00e9coute.<\/p><\/div><\/div><div class=\"sp-testimonial-client-rating\"><i class=\"fa fa-star\" aria-hidden=\"true\"><\/i><i class=\"fa fa-star\" aria-hidden=\"true\"><\/i><i class=\"fa fa-star\" aria-hidden=\"true\"><\/i><i class=\"fa fa-star\" aria-hidden=\"true\"><\/i><i class=\"fa fa-star\" aria-hidden=\"true\"><\/i><\/div><\/div> <\/div> <div class=\"sp-testimonial-item swiper-slide\"><div class=\"sp-testimonial-free\"><div class=\"sp-testimonial-title\"><h3 class=\"sp-testimonial-post-title\">Je referais appel a ses services<\/h3><\/div><div class=\"sp-testimonial-client-testimonial\"><div class=\"sp-testimonial-content\"><p>Disponible, a l&#8217;\u00e9coute et tr\u00e8s gentil, le Taxi id\u00e9al.<br \/>J&#8217;avais mon chien avec moi, espace pour qu&#8217;elle est de la place mit \u00e0 disposition.<br \/>Je vous recommande sans h\u00e9sitation !<br \/>Je referais appel a ses services.<\/p><\/div><\/div><div class=\"sp-testimonial-client-rating\"><i class=\"fa fa-star\" aria-hidden=\"true\"><\/i><i class=\"fa fa-star\" aria-hidden=\"true\"><\/i><i class=\"fa fa-star\" aria-hidden=\"true\"><\/i><i class=\"fa fa-star\" aria-hidden=\"true\"><\/i><i class=\"fa fa-star\" aria-hidden=\"true\"><\/i><\/div><\/div> <\/div> <\/div><div class=\"swiper-pagination testimonial-pagination\"><\/div><div class=\"swiper-button-prev testimonial-nav-arrow vertical_center\"><i class=\"fa fa-angle-left\"><\/i><\/div><div class=\"swiper-button-next testimonial-nav-arrow vertical_center\"><i class=\"fa fa-angle-right\"><\/i><\/div><\/div><\/div><script type=\"application\/ld+json\">{\"@context\": \"http:\/\/schema.org\",\"@type\": \"Product\",\"name\": \"taxitransport69\",\"aggregateRating\": {\"@type\": \"AggregateRating\",\"bestRating\": \"5\",\"ratingValue\": \"5\",\"worstRating\": \"1\",\"reviewCount\": \"2\"},\"review\": [{\"@type\": \"Review\",\"datePublished\": \"2021-10-16\",\"reviewBody\": \"Je recommande fortement florin pour vos trajets !Taxi tres professionnel et toujours a l \u00e9coute.\",\"reviewRating\": {\"@type\": \"Rating\",\"bestRating\": \"5\",\"ratingValue\": \"5\",\"worstRating\": \"1\"},\"author\": {\"@type\": \"Person\",\"name\": \"\"}},{\"@type\": \"Review\",\"datePublished\": \"2021-10-16\",\"reviewBody\": \"Disponible, a l&#039;\u00e9coute et tr\u00e8s gentil, le Taxi id\u00e9al.J&#039;avais mon chien avec moi, espace pour qu&#039;elle est de la place mit \u00e0 disposition.Je vous recommande sans h\u00e9sitation !Je referais appel a ses services.\",\"reviewRating\": {\"@type\": \"Rating\",\"bestRating\": \"5\",\"ratingValue\": \"5\",\"worstRating\": \"1\"},\"author\": {\"@type\": \"Person\",\"name\": \"\"}}]}<\/script>[\/vc_column_text][vc_empty_space height=&#8221;20px&#8221;][\/vc_column_inner][vc_column_inner width=&#8221;1\/6&#8243;][\/vc_column_inner][\/vc_row_inner][\/vc_column][\/vc_row][vc_row content_placement=&#8221;middle&#8221; css=&#8221;.vc_custom_1634378048128{padding-top: 5vh !important;padding-bottom: 5vh !important;background-image: url(http:\/\/taxitransport69.fr\/wp-content\/uploads\/2021\/10\/Taxi-transport-69-aeroport.jpg?id=29012) !important;background-position: center !important;background-repeat: no-repeat !important;background-size: cover !important;}&#8221; font_color=&#8221;#ffffff&#8221;][vc_column][vc_row_inner][vc_column_inner width=&#8221;1\/6&#8243;][\/vc_column_inner][vc_column_inner width=&#8221;2\/3&#8243;][vc_custom_heading text=&#8221;NEED <b> MORE INFORMATION <\/b>?&#8221; font_container=&#8221;tag:h2|text_align:center|color:%23ffffff&#8221; use_theme_fonts=&#8221;yes&#8221; css=&#8221;.vc_custom_1639686046629{margin-top: 0px !important;margin-bottom: 0px !important;border-top-width: 0px !important;border-bottom-width: 0px !important;padding-top: 0px !important;padding-bottom: 0px !important;}&#8221;][vc_empty_space height=&#8221;20px&#8221;][vc_separator color=&#8221;custom&#8221; border_width=&#8221;2&#8243; el_width=&#8221;10&#8243; accent_color=&#8221;#ffffff&#8221;][\/vc_column_inner][vc_column_inner width=&#8221;1\/6&#8243;][\/vc_column_inner][\/vc_row_inner][vc_row_inner][vc_column_inner][vc_column_text]<\/p>\n<p style=\"text-align: center;\"><a class=\"vc_general vc_btn3 vc_btn3-size-md vc_btn3-shape-rounded vc_btn3-style-3d vc_btn3-icon-left vc_btn3-color-primary\" title=\"Online booking\" href=\"http:\/\/taxitransport69.fr\/reserver-taxi-lyon-villeurbanne-vaulx-en-velin\/\"><i class=\"vc_btn3-icon fas fa-taxi\"><\/i> Online booking<\/a> <a class=\"vc_general vc_btn3 vc_btn3-size-md vc_btn3-shape-rounded vc_btn3-style-3d vc_btn3-icon-left vc_btn3-color-red\" title=\"Book by phone\" href=\"tel:+33469965569\"><i class=\"vc_btn3-icon fas fa-phone\"><\/i> 04 69 96 55 69<\/a><\/p>\n<p>[\/vc_column_text][\/vc_column_inner][\/vc_row_inner][\/vc_column][\/vc_row]<\/p>\n<\/div>","protected":false},"excerpt":{"rendered":"<p>[vc_row full_height=&#8221;yes&#8221; css=&#8221;.vc_custom_1634979965244{padding-top: 5vh !important;padding-bottom: 5vh !important;background-image: url(http:\/\/taxitransport69.fr\/wp-content\/uploads\/2021\/10\/Taxi-annecy-lyon.jpg?id=29387) !important;background-position: center !important;background-repeat: no-repeat !important;background-size: cover !important;}&#8221;][vc_column][vc_row_inner el_class=&#8221;container&#8221; css=&#8221;.vc_custom_1634378515069{padding-top: 3vh !important;padding-bottom: 3vh !important;}&#8221;][vc_column_inner el_class=&#8221;white&#8221; width=&#8221;1\/2&#8243;][vc_column_text] Taxi Lyon Annecy Available 24\/7. Business and private trips Guarantee of coverage. Punctuality. Local journeys and all distances Airport shuttle \/ Station transfer Transfer to the ski resort[\/vc_column_text][vc_column_text] Online booking 04 69 [&hellip;]<\/p>\n","protected":false},"author":2,"featured_media":29388,"parent":0,"menu_order":13,"comment_status":"closed","ping_status":"closed","template":"home-page.php","meta":{"footnotes":""},"class_list":["post-29904","page","type-page","status-publish","has-post-thumbnail","hentry"],"jetpack_sharing_enabled":true,"_links":{"self":[{"href":"https:\/\/taxitransport69.fr\/en\/wp-json\/wp\/v2\/pages\/29904","targetHints":{"allow":["GET"]}}],"collection":[{"href":"https:\/\/taxitransport69.fr\/en\/wp-json\/wp\/v2\/pages"}],"about":[{"href":"https:\/\/taxitransport69.fr\/en\/wp-json\/wp\/v2\/types\/page"}],"author":[{"embeddable":true,"href":"https:\/\/taxitransport69.fr\/en\/wp-json\/wp\/v2\/users\/2"}],"replies":[{"embeddable":true,"href":"https:\/\/taxitransport69.fr\/en\/wp-json\/wp\/v2\/comments?post=29904"}],"version-history":[{"count":1,"href":"https:\/\/taxitransport69.fr\/en\/wp-json\/wp\/v2\/pages\/29904\/revisions"}],"predecessor-version":[{"id":29910,"href":"https:\/\/taxitransport69.fr\/en\/wp-json\/wp\/v2\/pages\/29904\/revisions\/29910"}],"wp:featuredmedia":[{"embeddable":true,"href":"https:\/\/taxitransport69.fr\/en\/wp-json\/wp\/v2\/media\/29388"}],"wp:attachment":[{"href":"https:\/\/taxitransport69.fr\/en\/wp-json\/wp\/v2\/media?parent=29904"}],"curies":[{"name":"wp","href":"https:\/\/api.w.org\/{rel}","templated":true}]}}